{"id":819,"date":"2014-06-10T23:40:12","date_gmt":"2014-06-10T21:40:12","guid":{"rendered":"http:\/\/goetz.burggraf.de\/projekte\/grenzland\/?page_id=819"},"modified":"2015-08-10T16:16:32","modified_gmt":"2015-08-10T14:16:32","slug":"danksagungen","status":"publish","type":"page","link":"http:\/\/goetz.burggraf.de\/projekte\/grenzland\/danksagungen\/","title":{"rendered":"Danksagungen"},"content":{"rendered":"<p>Ein Pro\u00adjekt von der Dauer und der Kon\u00adzep\u00adtion des&nbsp;hier vor\u00adge\u00adstell\u00adten Grenz\u00adland-Pro\u00adjek\u00adtes l\u00e4sst sich allein mit der Arbeits\u00adkraft der drei Teil\u00adneh\u00admer kaum umset\u00adzen. Zu viele Punkte gibt es, bei denen man auf die Hilfe Drit\u00adter ange\u00adwie\u00adsen ist. Sei es&nbsp;bei der Ent\u00adwick\u00adlung der Idee zu einem Kon\u00adzept, bei der Grob\u00adpla\u00adnung der Rei\u00adse\u00adroute, dem Zusam\u00admen\u00adstel\u00adlen der Pack\u00adlis\u00adten oder dem Ent\u00adwurf und der Umset\u00adzung der \u00d6ffent\u00adlich\u00adkeits\u00adar\u00adbeit. Aus die\u00adsem Grund sei an die\u00adser Stelle allen den\u00adje\u00adni\u00adgen gedankt, die mit ihrer Zeit, ihrem Rat und ihrer Arbeit dazu bei\u00adgetra\u00adgen haben, dass das Grenz\u00adland-Pro\u00adjekt nicht nur eine Idee geblie\u00adben&nbsp;ist.<\/p>\n<p>Gedankt wer\u00adden soll an die\u00adser Stelle insbesondere:<\/p>\n<p><a title=\"Verweis auf die Projekt-Homepage von David Richter\" href=\"http:\/\/www.natural-roadracers.net\/\" target=\"_blank\">David Rich\u00adter<\/a>,<br>\nf\u00fcr die Inspi\u00adra\u00adtion die\u00adses Pro\u00adjekt zu ent\u00adwi\u00adckeln und umzusetzen,<\/p>\n<p><a title=\"Verweis auf die pers\u00f6nliche Internet-Pr\u00e4senz Dr. Torsten Lorenz' an der Karls-Universit\u00e4t Prag\" href=\"http:\/\/uhsd.ff.cuni.cz\/node\/166\" target=\"_blank\">Dr. Tors\u00adten Lorenz<\/a>,<br>\nf\u00fcr die wis\u00adsen\u00adschaft\u00adli\u00adche Beglei\u00adtung des Projektes,<\/p>\n<p><a title=\"Verweis auf die pers\u00f6nliche Internet-Pr\u00e4senz \u0141ukasz Dziedzic' auf der Plattform Google+\" href=\"https:\/\/plus.google.com\/106163021290874968147\/posts\" target=\"_blank\">\u0141ukasz Dzied\u00adzic<\/a>&nbsp;und&nbsp;<a title=\"Verweis auf die pers\u00f6nliche Internet-Pr\u00e4senz Adam Twardochs\" href=\"http:\/\/www.twardoch.net\/\" target=\"_blank\">Adam Twar\u00addoch<\/a>,<br>\nf\u00fcr die umfang\u00adrei\u00adche Bera\u00adtung zum Design sowie die Umset\u00adzung der Web\u00adsite des Projektes,<\/p>\n<p>Jens During vom&nbsp;<a title=\"Verweis auf die Internet-Pr\u00e4senz des Projektes &quot;Forumslader&quot;\" href=\"http:\/\/www.forumslader.de\/\" target=\"_blank\">Forums\u00adla\u00adder-Pro\u00adjekt<\/a>,<br>\nf\u00fcr die Hilfe bei der Kon\u00adzep\u00adtion und den&nbsp;Bau der mobi\u00adlen Lade\u00adtech\u00adnik f\u00fcr die elek\u00adtri\u00adschen Ver\u00adbrau\u00adcher am Fahrrad,<\/p>\n<p>den akti\u00adven Mit\u00adglie\u00addern des&nbsp;<a title=\"Verweis auf das Web-Forum der Radreisenden und Fernradler &quot;Rad-Forum&quot;\" href=\"http:\/\/www.rad-forum.de\/\" target=\"_blank\">Rad-Forums<\/a>,<br>\nf\u00fcr deren Rat\u00adschl\u00e4ge&nbsp;und Hin\u00adweise zur Rei\u00adse\u00adpla\u00adnung und not\u00adwen\u00addi\u00adgen Aus\u00adr\u00fcs\u00adtung&nbsp;sowie<\/p>\n<p>den akti\u00adven Mit\u00adglie\u00addern des&nbsp;<a title=\"Verweis auf das Web-Forum &quot;Cargobike-Forum&quot;\" href=\"http:\/\/cargobikeforum.de\/forum\/index.php\" target=\"_blank\">Cargobike-Forums<\/a>,<br>\nf\u00fcr deren aktive Mit\u00adar\u00adbeit bei der Pla\u00adnung des Las\u00adten\u00adfahr\u00adrads f\u00fcr das Projekt,<\/p>\n<p>den akti\u00adven Mit\u00adglie\u00addern der&nbsp;<a href=\"https:\/\/www.warmshowers.org\" target=\"_blank\">Warm\u00adshow\u00aders-Com\u00admu\u00adnity<\/a>,<br>\ndie uns w\u00e4h\u00adrend unse\u00adrer Reise bei sich auf\u00adge\u00adnom\u00admen bezie\u00adhungs\u00adweise uns bei der Durch\u00adf\u00fch\u00adrung unse\u00adrer Reise unter\u00adst\u00fctzt haben,<\/p>\n<p>den unz\u00e4h\u00adli\u00adgen Inter\u00adview\u00adpart\u00adner ent\u00adlang unse\u00adrer Rei\u00adse\u00adroute, die uns in inten\u00adsi\u00adven Gespr\u00e4\u00adchen ihre zum Teil sehr bewe\u00adgen\u00adden indi\u00advi\u00addu\u00adel\u00adlen Sicht\u00adwei\u00adsen und Erfah\u00adrun\u00adgen mit dem Eiser\u00adnen Vor\u00adhang schilderten,<\/p>\n<p>sowie den vie\u00adlen Men\u00adschen ent\u00adlang unse\u00adrer Rei\u00adse\u00adroute, ohne deren direkte und indi\u00adrekte Unter\u00adst\u00fct\u00adzung unse\u00adres Pro\u00adjek\u00adtes durch Wort und Tat die\u00adses Pro\u00adjekt nicht erfolg\u00adreich umge\u00adsetzt h\u00e4t\u00adten wer\u00adden k\u00f6nnen.<\/p>\n<p>Dar\u00ad\u00fcber hin\u00adaus soll fol\u00adgen\u00adden Unter\u00adneh\u00admen&nbsp;f\u00fcr die Unter\u00adst\u00fct\u00adzung unse\u00adres Pro\u00adjek\u00adtes gedankt wer\u00adden (Nen\u00adnung in alpha\u00adbe\u00adti\u00adscher Reihenfolge):<\/p>\n<p>der Firma&nbsp;<a title=\"Verweis auf die Internet-Pr\u00e4senz der Firma ABUS \u2014 August Bremicker S\u00f6hne KG\" href=\"http:\/\/www.abus.com\/ger\" target=\"_blank\"><span class=\"caps\">ABUS<\/span> \u2014 August Bre\u00admi\u00adcker S\u00f6hne <span class=\"caps\">KG<\/span><\/a>,<br>\nf\u00fcr die Bereit\u00adstel\u00adlung von pas\u00adsen\u00adden Fahr\u00adrad\u00adschl\u00f6s\u00adsern f\u00fcr die Fahr\u00adr\u00e4\u00adder der Projektteilnehmer,<\/p>\n<p>der Firma&nbsp;<a title=\"Verweis auf die Internet-Pr\u00e4senz der Firma Busch &amp; M\u00fcller KG\" href=\"http:\/\/www.bumm.de\/\" target=\"_blank\">Busch <span class=\"amp\">&amp;<\/span>&nbsp;M\u00fcl\u00adler <span class=\"caps\">KG<\/span><\/a>,<br>\nf\u00fcr die aus\u00adf\u00fchr\u00adli\u00adche Bera\u00adtung sowie die kos\u00adten\u00adg\u00fcns\u00adtige Bereit\u00adstel\u00adlung der Fahr\u00adrad\u00adbe\u00adleuch\u00adtung f\u00fcr das Las\u00adten\u00adfahr\u00adrad des Projektes,<\/p>\n<p>der Firma&nbsp;<a title=\"Verweis auf die Internet-Pr\u00e4senz der Firma BikeCityGuide Apps GmbH\" href=\"http:\/\/getfinn.com\/de\/\" target=\"_blank\">Bik\u00adeCi\u00adty\u00adGuide Apps GmbH<\/a>,<br>\nf\u00fcr die Bereit\u00adstel\u00adlung einer Lenk\u00ader\u00adhal\u00adte\u00adrung f\u00fcr das Tourtelefon,<\/p>\n<p>der Firma&nbsp;<a title=\"Verweis auf die Internet-Pr\u00e4senz der Firma HEBIE GmbH &amp; Co. KG\" href=\"http:\/\/www.hebie.de\/\" target=\"_blank\"><span class=\"caps\">HEBIE<\/span> GmbH <span class=\"amp\">&amp;<\/span>&nbsp;Co. <span class=\"caps\">KG<\/span><\/a>,<br>\nf\u00fcr die Bereit\u00adstel\u00adlung eines \u201eChainglider\u201c-Kettenschutzes&nbsp;f\u00fcr das Las\u00adten\u00adfahr\u00adrad des Projektes,<\/p>\n<p>der Firma&nbsp;<a title=\"Verweis auf die Internet-Pr\u00e4senz der Firma H\u00f6vding Sverige AB\" href=\"http:\/\/www.hovding.com\/\" target=\"_blank\">H\u00f6v\u00adding Sverige <span class=\"caps\">AB<\/span><\/a>,<br>\nf\u00fcr die Unter\u00adst\u00fct\u00adzung des Pro\u00adjek\u00adtes mit einem Air\u00adbag f\u00fcr Radfahrer,<\/p>\n<p>der Firma&nbsp;<a title=\"Verweis auf die Internet-Pr\u00e4senz der Ortlieb Sportartikel GmbH\" href=\"http:\/\/www.ortlieb.de\/\"><span class=\"caps\">ORTLIEB<\/span> Sport\u00adar\u00adti\u00adkel GmbH<\/a>,<br>\nf\u00fcr die Unter\u00adst\u00fct\u00adzung des Pro\u00adjek\u00adtes mit Taschen f\u00fcr die Medientechnik,<\/p>\n<p>der Firma&nbsp;<a title=\"Verweis auf die Internet-Pr\u00e4senz der Firma Pitlock |&nbsp;Peter Busse - Sicherheitstechnik\" href=\"http:\/\/pitlock.de\/\" target=\"_blank\">Pit\u00adlock |&nbsp;Peter Busse \u2014 Sicher\u00adheits\u00adtech\u00adnik<\/a>,<br>\nf\u00fcr die Unter\u00adst\u00fct\u00adzung des Pro\u00adjek\u00adtes mit einem Siche\u00adrungs\u00adset f\u00fcr das Las\u00adten\u00adrad des Projektes,<\/p>\n<p>der Firma&nbsp;<a title=\"Verweis auf die Internet-Pr\u00e4senz der Firma PIXO GmbH\" href=\"http:\/\/www.pixo.de\/\" target=\"_blank\"><span class=\"caps\">PIXO<\/span> GmbH<\/a>,<br>\nf\u00fcr die Unter\u00adst\u00fct\u00adzung des Pro\u00adjek\u00adtes mit einem Uni\u00adver\u00adsal-Lade\u00adgr\u00e4t <span class=\"caps\">PIXO<\/span>&nbsp;<span class=\"caps\">C4<\/span>,<\/p>\n<p>der Firma&nbsp;<a title=\"Verweis auf die Internet-Pr\u00e4senz der Firma RTI Sports GmbH\" href=\"http:\/\/rtisports.de\/\" target=\"_blank\"><span class=\"caps\">RTI<\/span> Sports GmbH<\/a>,<br>\nf\u00fcr die Unter\u00adst\u00fct\u00adzung des Pro\u00adjek\u00adtes mit hoch\u00adwer\u00adti\u00adgen Aus\u00adr\u00fcs\u00adtungs\u00adkom\u00adpo\u00adnen\u00adten wie Len\u00adk\u00ader\u00adgrif\u00adfen, Peda\u00adlen, Werk\u00adzeug sowie einem Fahrradsattel,<\/p>\n<p>der Firma&nbsp;<a title=\"Verweis auf die Internet-Pr\u00e4senz der Firma Schwalbe | Ralf Bohle GmbH\" href=\"http:\/\/www.schwalbe.com\/\" target=\"_blank\">Schwalbe | Ralf Bohle GmbH<\/a>,<br>\nf\u00fcr die Bereit\u00adstel\u00adlung eines Sat\u00adzes Rei\u00adfen sowie pas\u00adsen\u00adder Schl\u00e4u\u00adche&nbsp;f\u00fcr das&nbsp;Projekt,<\/p>\n<p>der Firma&nbsp;<a title=\"Verweis auf die Internet-Pr\u00e4senz der Firma Stantours\" href=\"http:\/\/www.stantours.com\/\" target=\"_blank\">Stan\u00adtours<\/a>,<br>\nf\u00fcr die Unter\u00adst\u00fct\u00adzung bei der Visa\u00adbe\u00adschaf\u00adfung f\u00fcr die Teil\u00adneh\u00admer des Projektes,<\/p>\n<p>der Firma&nbsp;<a title=\"Verweis auf die Internet-Pr\u00e4senz der Firma Skanfriends GmbH | Wechsel Tents\" href=\"http:\/\/www.wechsel-tents.de\/\" target=\"_blank\">Skan\u00adfri\u00adends GmbH&nbsp;| Wech\u00adsel Tents<\/a>,<br>\nf\u00fcr die Unter\u00adst\u00fct\u00adzung des Pro\u00adjek\u00adtes mit einem&nbsp;Zelt.<\/p>\n<div class=\"twoclick_social_bookmarks_post_819 social_share_privacy clearfix 1.6.4 locale-de_DE sprite-de_DE\"><\/div><div class=\"twoclick-js\"><script type=\"text\/javascript\">\/* <![CDATA[ *\/\njQuery(document).ready(function($){if($('.twoclick_social_bookmarks_post_819')){$('.twoclick_social_bookmarks_post_819').socialSharePrivacy({\"services\":{\"facebook\":{\"status\":\"on\",\"txt_info\":\"2 Klicks f\\u00fcr mehr Datenschutz: Erst wenn Sie hier klicken, wird der Button aktiv und Sie k\\u00f6nnen Ihre Empfehlung an Facebook senden. Schon beim Aktivieren werden Daten an Dritte \\u00fcbertragen - siehe <em>i<\\\/em>.\",\"perma_option\":\"off\",\"action\":\"like\",\"language\":\"de_DE\"},\"twitter\":{\"reply_to\":\"\",\"tweet_text\":\"%20Danksagungen%20%C2%BB%20Grenzland%20%23Danksagung%20%23Finanzierung%20%23Hilfe%20%23Sponsoren%20...\",\"status\":\"on\",\"txt_info\":\"2 Klicks f\\u00fcr mehr Datenschutz: Erst wenn Sie hier klicken, wird der Button aktiv und Sie k\\u00f6nnen Ihre Empfehlung an Twitter senden. Schon beim Aktivieren werden Daten an Dritte \\u00fcbertragen - siehe <em>i<\\\/em>.\",\"perma_option\":\"off\",\"language\":\"de\"},\"gplus\":{\"status\":\"on\",\"txt_info\":\"2 Klicks f\\u00fcr mehr Datenschutz: Erst wenn Sie hier klicken, wird der Button aktiv und Sie k\\u00f6nnen Ihre Empfehlung an Google+ senden. Schon beim Aktivieren werden Daten an Dritte \\u00fcbertragen - siehe <em>i<\\\/em>.\",\"perma_option\":\"off\"}},\"txt_help\":\"Wenn Sie diese Felder durch einen Klick aktivieren, werden Informationen an Facebook, Twitter, Flattr, Xing, t3n, LinkedIn, Pinterest oder Google eventuell ins Ausland \\u00fcbertragen und unter Umst\\u00e4nden auch dort gespeichert. N\\u00e4heres erfahren Sie durch einen Klick auf das <em>i<\\\/em>.\",\"settings_perma\":\"Dauerhaft aktivieren und Daten\\u00fcber-tragung zustimmen:\",\"info_link\":\"http:\\\/\\\/www.heise.de\\\/ct\\\/artikel\\\/2-Klicks-fuer-mehr-Datenschutz-1333879.html\",\"uri\":\"http:\\\/\\\/goetz.burggraf.de\\\/projekte\\\/grenzland\\\/danksagungen\\\/\",\"post_id\":819,\"post_title_referrer_track\":\"Danksagungen\",\"concat\":\"%3F\",\"display_infobox\":\"on\"});}});\n\/* ]]> *\/<\/script><\/div>","protected":false},"excerpt":{"rendered":"<p>Ein Pro\u00adjekt von der Dauer und der Kon\u00adzep\u00adtion des&nbsp;hier vor\u00adge\u00adstell\u00adten Gren\u00adz\u00ad\u00adland-Pro\u00ad\u00adjek\u00ad\u00adtes l\u00e4sst sich allein mit der Arbeits\u00adkraft der drei Teil\u00adneh\u00admer kaum umset\u00adzen. Zu viele Punkte gibt es, bei denen man auf die Hilfe Drit\u00adter ange\u00adwie\u00adsen ist. Sei es&nbsp;bei der Ent\u00adwick\u00adlung der Idee zu einem Kon\u00adzept, bei der Grob\u00adpla\u00adnung der Rei\u00adse\u00adroute, dem Zusam\u00admen\u00adstel\u00adlen der Pack\u00adlis\u00adten oder \u2026 <a href=\"http:\/\/goetz.burggraf.de\/projekte\/grenzland\/danksagungen\/\" class=\"more-link\"><span class=\"screen-reader-text\">Dank\u00adsa\u00adgun\u00adgen<\/span> wei\u00adter\u00adle\u00adsen <span class=\"meta-nav\">\u2192<\/span><\/a><\/p>\n","protected":false},"author":2,"featured_media":0,"parent":0,"menu_order":11,"comment_status":"closed","ping_status":"closed","template":"","meta":{"wp_typography_post_enhancements_disabled":false,"_exactmetrics_skip_tracking":false,"_exactmetrics_sitenote_active":false,"_exactmetrics_sitenote_note":"","_exactmetrics_sitenote_category":0,"_monsterinsights_skip_tracking":false,"_monsterinsights_sitenote_active":false,"_monsterinsights_sitenote_note":"","_monsterinsights_sitenote_category":0,"jetpack_post_was_ever_published":false,"footnotes":""},"class_list":["post-819","page","type-page","status-publish","hentry"],"jetpack_shortlink":"https:\/\/wp.me\/P4CPTg-dd","jetpack_sharing_enabled":true,"_links":{"self":[{"href":"http:\/\/goetz.burggraf.de\/projekte\/grenzland\/wp-json\/wp\/v2\/pages\/819","targetHints":{"allow":["GET"]}}],"collection":[{"href":"http:\/\/goetz.burggraf.de\/projekte\/grenzland\/wp-json\/wp\/v2\/pages"}],"about":[{"href":"http:\/\/goetz.burggraf.de\/projekte\/grenzland\/wp-json\/wp\/v2\/types\/page"}],"author":[{"embeddable":true,"href":"http:\/\/goetz.burggraf.de\/projekte\/grenzland\/wp-json\/wp\/v2\/users\/2"}],"replies":[{"embeddable":true,"href":"http:\/\/goetz.burggraf.de\/projekte\/grenzland\/wp-json\/wp\/v2\/comments?post=819"}],"version-history":[{"count":22,"href":"http:\/\/goetz.burggraf.de\/projekte\/grenzland\/wp-json\/wp\/v2\/pages\/819\/revisions"}],"predecessor-version":[{"id":1381,"href":"http:\/\/goetz.burggraf.de\/projekte\/grenzland\/wp-json\/wp\/v2\/pages\/819\/revisions\/1381"}],"wp:attachment":[{"href":"http:\/\/goetz.burggraf.de\/projekte\/grenzland\/wp-json\/wp\/v2\/media?parent=819"}],"curies":[{"name":"wp","href":"https:\/\/api.w.org\/{rel}","templated":true}]}}