{"id":35,"date":"2014-05-01T00:00:47","date_gmt":"2014-04-30T22:00:47","guid":{"rendered":"http:\/\/goetz.burggraf.de\/projekte\/grenzland\/?page_id=35"},"modified":"2015-08-10T13:56:34","modified_gmt":"2015-08-10T11:56:34","slug":"impressum","status":"publish","type":"page","link":"http:\/\/goetz.burggraf.de\/projekte\/grenzland\/impressum\/","title":{"rendered":"Impressum"},"content":{"rendered":"<p>Die\u00adses Web\u00adlog ist ein publi\u00adzis\u00adti\u00adsches Ange\u00adbot&nbsp;von<\/p>\n<address>G\u00f6tz Burg\u00adgraf<br>\nSem\u00adbritz\u00adkis\u00adtrasse 5<br>\n15517 F\u00fcrstenwalde<\/address>\n<p><strong>Ver\u00adant\u00adwort\u00adli\u00adcher im Sinne von \u00a7 5&nbsp;des deut\u00adschen Tele\u00adme\u00addi\u00aden\u00adge\u00adset\u00adzes (<abbr title=\"Telemediengesetz\"><span class=\"caps\">TMG<\/span><\/abbr>) sowie&nbsp;\u00a7 55 des&nbsp;Staats\u00adver\u00adtrags f\u00fcr Rund\u00adfunk und Tele\u00adme\u00addien (Rund\u00adfunk\u00adstaats\u00adver\u00adtrag \u2014&nbsp;<abbr title=\"Rundfunkstaatsvertrag\">RStV<\/abbr>):<\/strong><\/p>\n<address>G\u00f6tz Burg\u00adgraf<br>\nSem\u00adbritz\u00adkis\u00adtrasse 5<br>\n15517 F\u00fcrstenwalde<\/address>\n<p><strong>Kon\u00adtakt:<\/strong><\/p>\n<address>Tele\u00adfon: +49 1577 47 46&nbsp;389<br>\nFax: +49 321 21 19 64&nbsp;81<br>\nE\u2011Mail:&nbsp;<a href=\"mailto:grenzland@burggraf.de\">grenzland@\u200bburggraf.\u200bde<\/a><\/address>\n<p>Bitte ver\u00adschl\u00fcs\u00adseln Sie Ihre Kom\u00admu\u00adni\u00adka\u00adtion, zum Bei\u00adspiel mit Hilfe eines Public-Key-Ver\u00adfah\u00adrens wie dem von <span class=\"caps\">PGP<\/span>\/GnuPG. Ein \u00f6ffent\u00adli\u00adcher Schl\u00fcs\u00adsel f\u00fcr eine sichere Kom\u00admu\u00adni\u00adka\u00adtion mit dem Betrei\u00adber die\u00adses Ange\u00adbo\u00adtes kann \u00fcber die\u00adsen&nbsp;<a title=\"Verweis auf den \u00f6ffentlichen Schl\u00fcssel f\u00fcr eine sichere Kommunikation mit G\u00f6tz Burggraf via E-Mail unter Einsatz von GnuPG.\" href=\"http:\/\/goetz.burggraf.de\/signaturen\/goetz@burggraf.de.asc\">Ver\u00adweis<\/a> bezo\u00adgen wer\u00adden&nbsp;(GnuPG; erzeugt am: 2014-03-01; Key-ID: <span class=\"caps\">C81A188B08EF2514<\/span>; Algo\u00adryth\u00admus: <span class=\"caps\">RSA<\/span> (4.096 Bit); Fin\u00adger\u00adprint: 6879 <span class=\"caps\">527F<\/span> <span class=\"caps\">862E<\/span> <span class=\"caps\">AE89<\/span>&nbsp;<span class=\"caps\">B4EB<\/span> <span class=\"caps\">A3CD<\/span> <span class=\"caps\">C81A<\/span> <span class=\"caps\">188B<\/span> <span class=\"caps\">08EF<\/span>&nbsp;2514).<\/p>\n<p><strong>Umsatz\u00adsteuer-ID:&nbsp;<\/strong><br>\nUmsatz\u00adsteuer-Iden\u00adti\u00adfi\u00adka\u00adti\u00adons\u00adnum\u00admer gem\u00e4\u00df \u00a727a Umsatz\u00adsteu\u00ader\u00adge\u00adsetz: <span class=\"caps\">DE279393547<\/span><\/p>\n<h2><strong>Haftungsausschluss:&nbsp;<\/strong><\/h2>\n<h3>Schutzrechtsverletzung<\/h3>\n<p>Der Sei\u00adten\u00adbe\u00adtrei\u00adber&nbsp;bem\u00fcht sich, etwa\u00adige Aus\u00adein\u00adan\u00adder\u00adset\u00adzun\u00adgen im Kon\u00adsens zu l\u00f6sen. Falls Sie also ver\u00admu\u00adten, dass von die\u00adser Web\u00adsite aus eines Ihrer Schutz\u00adrechte ver\u00adletzt wird, tei\u00adlen Sie die\u00adsen Umstand&nbsp;bitte umge\u00adhend per elek\u00adtro\u00adni\u00adscher Post dem Sei\u00adten\u00adbe\u00adtrei\u00adber mit, damit z\u00fcgig Abhilfe geschafft wer\u00adden kann. Die Kos\u00adten\u00adnote einer anwalt\u00adli\u00adchen Abmah\u00adnung ohne vor\u00adher\u00adge\u00adhende Kon\u00adtakt\u00adauf\u00adnahme mit dem Betrei\u00adber die\u00adser Web\u00adsite wird im Sinne und mit Hin\u00adweis auf die Scha\u00adden\u00admin\u00adde\u00adrungs\u00adpflicht aller Par\u00adteien als unbe\u00adgr\u00fcn\u00addet zur\u00fcckgewiesen.<\/p>\n<h3>Haftung f\u00fcr Inhalte<\/h3>\n<p>Die Inhalte der&nbsp;Sei\u00adten unter <a title=\"Verweis auf die Website des Projektes &quot;Grenzland&quot;\" href=\"http:\/\/grenzland.burggraf.de\/\">http:\/\/\u200bgrenz\u200bland\u200b.burg\u200bgraf\u200b.de\/<\/a> wur\u00adden mit gro\u00ad\u00dfer Sorg\u00adfalt erstellt. F\u00fcr die Rich\u00adtig\u00adkeit, Voll\u00adst\u00e4n\u00addig\u00adkeit und Aktua\u00adli\u00adt\u00e4t der Inhalte kann&nbsp;jedoch keine Gew\u00e4hr \u00fcber\u00adnom\u00admen wer\u00adden. Ebenso&nbsp;kann keine Ver\u00adant\u00adwor\u00adtung f\u00fcr Sch\u00e4\u00adden \u00fcber\u00adnom\u00admen wer\u00adden, die durch das Ver\u00adtrauen auf die Inhalte die\u00adser Web\u00adsite oder deren Gebrauch entstehen.<\/p>\n<p>Als Diens\u00adte\u00adan\u00adbie\u00adter ist der Betrei\u00adber die\u00adses Ange\u00adbo\u00adtes&nbsp;gem\u00e4\u00df \u00a7 7&nbsp;Abs.1 des deut\u00adschen Tele\u00adme\u00addi\u00aden\u00adge\u00adsetz\u00adtes (<span class=\"caps\">TMG<\/span>) f\u00fcr eigene Inhalte auf die\u00adsen Sei\u00adten nach den all\u00adge\u00admei\u00adnen deut\u00adschen Geset\u00adzen ver\u00adant\u00adwort\u00adlich. Nach \u00a7\u00a7 8&nbsp;bis 10 <span class=\"caps\">TMG<\/span> ist der&nbsp;Diens\u00adte\u00adan\u00adbie\u00adter jedoch nicht ver\u00adpflich\u00adtet, \u00fcber\u00admit\u00adtelte oder gespei\u00adcherte fremde Infor\u00adma\u00adtio\u00adnen zu \u00fcber\u00adwa\u00adchen oder nach Umst\u00e4n\u00adden zu for\u00adschen, die auf eine rechts\u00adwid\u00adrige T\u00e4tig\u00adkeit hin\u00adwei\u00adsen. Ver\u00adpflich\u00adtun\u00adgen zur Ent\u00adfer\u00adnung oder Sper\u00adrung der Nut\u00adzung von Infor\u00adma\u00adtio\u00adnen nach den all\u00adge\u00admei\u00adnen deut\u00adschen Geset\u00adzen blei\u00adben hier\u00advon unbe\u00adr\u00fchrt. Eine dies\u00adbe\u00adz\u00fcg\u00adli\u00adche Haf\u00adtung ist jedoch erst ab dem Zeit\u00adpunkt der Kennt\u00adnis einer kon\u00adkre\u00adten Rechts\u00adver\u00adlet\u00adzung m\u00f6g\u00adlich. Bei Bekannt\u00adwer\u00adden von ent\u00adspre\u00adchen\u00adden Rechts\u00adver\u00adlet\u00adzun\u00adgen wer\u00adden dies\u00adbe\u00adz\u00fcg\u00adli\u00adche&nbsp;Inhalte auf den hier vor\u00adlie\u00adgen\u00adden Sei\u00adten umge\u00adhend entfernt.<\/p>\n<h3>Haftung f\u00fcr&nbsp;Links<\/h3>\n<p>Das vor\u00adlie\u00adgende&nbsp;Ange\u00adbot unter <a title=\"Verweis auf die Website des Projektes &quot;Grenzland&quot;\" href=\"http:\/\/grenzland.burggraf.de\/\">http:\/\/\u200bgrenz\u200bland\u200b.burg\u200bgraf\u200b.de\/<\/a>&nbsp;ent\u00adh\u00e4lt Links zu exter\u00adnen Web\u00adsei\u00adten Drit\u00adter, auf deren Inhalte der Betrei\u00adber&nbsp;von <a title=\"Verweis auf die Website des Projektes &quot;Grenzland&quot;\" href=\"http:\/\/grenzland.burggraf.de\/\">http:\/\/\u200bgrenz\u200bland\u200b.burg\u200bgraf\u200b.de\/<\/a>&nbsp;kei\u00adnen Ein\u00adfluss hat. Des\u00adhalb kann&nbsp;f\u00fcr diese frem\u00adden Inhalte auch keine Gew\u00e4hr \u00fcber\u00adnom\u00admen wer\u00adden. F\u00fcr die Inhalte der ver\u00adlink\u00adten Sei\u00adten ist stets der jewei\u00adlige Anbie\u00adter oder Betrei\u00adber der Sei\u00adten ver\u00adant\u00adwort\u00adlich. Die ver\u00adlink\u00adten Sei\u00adten wur\u00adden zum Zeit\u00adpunkt der Ver\u00adlin\u00adkung auf m\u00f6g\u00adli\u00adche Rechts\u00adver\u00adst\u00f6\u00dfe \u00fcber\u00adpr\u00fcft. Rechts\u00adwid\u00adrige Inhalte waren zum Zeit\u00adpunkt der Ver\u00adlin\u00adkung nicht erkenn\u00adbar. Eine per\u00adma\u00adnente inhalt\u00adli\u00adche Kon\u00adtrolle der ver\u00adlink\u00adten Sei\u00adten ist jedoch ohne kon\u00adkrete Anhalts\u00adpunkte einer Rechts\u00adver\u00adlet\u00adzung nicht zumut\u00adbar. Bei Bekannt\u00adwer\u00adden von Rechts\u00adver\u00adlet\u00adzun\u00adgen wer\u00adden&nbsp;Links zu Sei\u00adten mit Rechts\u00adver\u00adst\u00f6\u00ad\u00dfen schnellst\u00adm\u00f6g\u00adlich&nbsp;vom vor\u00adlie\u00adgen\u00adden Ange\u00adbot entfernt.<\/p>\n<h3>Urheberrecht<\/h3>\n<p>Die durch die Sei\u00adten\u00adbe\u00adtrei\u00adber erstell\u00adten Inhalte und Werke auf die\u00adsen Sei\u00adten unter\u00adlie\u00adgen dem deut\u00adschen Urhe\u00adber\u00adrecht. Die Ver\u00adviel\u00adf\u00e4l\u00adti\u00adgung, Bear\u00adbei\u00adtung, Ver\u00adbrei\u00adtung und jede Art der Ver\u00adwer\u00adtung au\u00dfer\u00adhalb der Gren\u00adzen des Urhe\u00adber\u00adrech\u00adtes bed\u00fcr\u00adfen der schrift\u00adli\u00adchen Zustim\u00admung des jewei\u00adli\u00adgen Autors bzw. Erstel\u00adlers. Down\u00adloads und Kopien die\u00adser Seite sind nur f\u00fcr den pri\u00adva\u00adten, nicht kom\u00admer\u00adzi\u00adel\u00adlen Gebrauch gestat\u00adtet. Soweit die Inhalte auf die\u00adser Seite nicht vom Betrei\u00adber erstellt wur\u00adden, wer\u00adden die Urhe\u00adber\u00adrechte Drit\u00adter beach\u00adtet. Ins\u00adbe\u00adson\u00addere wer\u00adden Inhalte Drit\u00adter als sol\u00adche gekenn\u00adzeich\u00adnet. Soll\u00adten Sie trotz\u00addem auf eine Urhe\u00adber\u00adrechts\u00adver\u00adlet\u00adzung auf\u00admerk\u00adsam wer\u00adden, so wird&nbsp;um einen ent\u00adspre\u00adchen\u00adden Hin\u00adweis an den Betrei\u00adber des vor\u00adlie\u00adgen\u00adden Ange\u00adbo\u00adtes gebe\u00adten. Bei Bekannt\u00adwer\u00adden von Rechts\u00adver\u00adlet\u00adzun\u00adgen wer\u00adden der\u00adar\u00adtige Inhalte umge\u00adhend ent\u00adfer\u00adnet. Bitte beach\u00adten Sie in die\u00adsem Zusam\u00admen\u00adhang auch den Hin\u00adweis zu Schutz\u00adrechts\u00adver\u00adlet\u00adzun\u00adgen auf die\u00adser&nbsp;Seite.<\/p>\n<h3>Datenschutz<\/h3>\n<p>Die Nut\u00adzung der&nbsp;Web\u00adseite <a title=\"Verweis auf die Website des Projektes &quot;Grenzland&quot;\" href=\"http:\/\/grenzland.burggraf.de\/\">http:\/\/\u200bgrenz\u200bland\u200b.burg\u200bgraf\u200b.de\/<\/a>&nbsp;ist in der Regel ohne Angabe per\u00adso\u00adnen\u00adbe\u00adzo\u00adge\u00adner Daten m\u00f6g\u00adlich. Soweit auf genann\u00adter&nbsp;Seite per\u00adso\u00adnen\u00adbe\u00adzo\u00adgene Daten (bei\u00adspiels\u00adweise Name, Anschrift oder eMail-Adres\u00adsen) erho\u00adben wer\u00adden, erfolgt dies, soweit m\u00f6g\u00adlich, stets auf frei\u00adwil\u00adli\u00adger Basis. Diese Daten wer\u00adden ohne Ihre aus\u00addr\u00fcck\u00adli\u00adche Zustim\u00admung nicht an Dritte weitergegeben.<br>\nDer Betrei\u00adber der Web\u00adseite&nbsp;weist an die\u00adser Stelle aus\u00addr\u00fcck\u00adlich&nbsp;dar\u00adauf hin, dass die Daten\u00ad\u00fcber\u00adtra\u00adgung im Inter\u00adnet (z.B. bei der Kom\u00admu\u00adni\u00adka\u00adtion per E\u2011Mail) Sicher\u00adheits\u00adl\u00fc\u00adcken auf\u00adwei\u00adsen kann. Ein l\u00fccken\u00adlo\u00adser Schutz der Daten vor dem Zugriff durch Dritte ist des\u00adhalb nicht m\u00f6g\u00adlich und kann nicht garan\u00adtiert werden.<br>\nDer Nut\u00adzung von im Rah\u00admen der Impres\u00adsums\u00adpflicht ver\u00ad\u00f6f\u00adfent\u00adlich\u00adten Kon\u00adtakt\u00adda\u00adten durch Dritte zur \u00dcber\u00adsen\u00addung von nicht aus\u00addr\u00fcck\u00adlich ange\u00adfor\u00adder\u00adter Wer\u00adbung und Infor\u00adma\u00adti\u00adons\u00adma\u00adte\u00adria\u00adlien wird hier\u00admit aus\u00addr\u00fcck\u00adlich wider\u00adspro\u00adchen. Der&nbsp;Betrei\u00adber der Sei\u00adten beh\u00e4lt&nbsp;sich aus\u00addr\u00fcck\u00adlich recht\u00adli\u00adche Schritte im Falle der unver\u00adlang\u00adten Zusen\u00addung von Wer\u00adbe\u00adinfor\u00adma\u00adtio\u00adnen, etwa durch Spam-Mails, vor.<\/p>\n<h3>Google Analytics<\/h3>\n<p>Diese Web\u00adsite benutzt Google Ana\u00adly\u00adtics, einen Web\u00adana\u00adly\u00adse\u00addienst der Google Inc. (\u201cGoogle\u201c). Google Ana\u00adly\u00adtics ver\u00adwen\u00addet sog. \u201cCoo\u00adkies\u201c, Text\u00adda\u00adteien, die auf Ihrem Com\u00adpu\u00adter gespei\u00adchert wer\u00adden und die eine Ana\u00adlyse der Benut\u00adzung der Web\u00adsite durch Sie erm\u00f6g\u00adlicht. Die durch den Coo\u00adkie erzeug\u00adten Infor\u00adma\u00adtio\u00adnen \u00fcber Ihre Benut\u00adzung diese Web\u00adsite (ein\u00adschlie\u00df\u00adlich Ihrer IP-Adresse) wird an einen Ser\u00adver von Google in den <span class=\"caps\">USA<\/span> \u00fcber\u00adtra\u00adgen und dort gespei\u00adchert. Google ver\u00adwer\u00adtet&nbsp;diese Infor\u00adma\u00adtio\u00adnen, um Ihre Nut\u00adzung der Web\u00adsite zu ana\u00adly\u00adsie\u00adren, um Reports \u00fcber die Web\u00adsite\u00adak\u00adti\u00advi\u00adt\u00e4\u00adten f\u00fcr die Web\u00adsite\u00adbe\u00adtrei\u00adber zusam\u00admen\u00adzu\u00adstel\u00adlen und um wei\u00adtere mit der Web\u00adsite\u00adnut\u00adzung und der Inter\u00adnet\u00adnut\u00adzung ver\u00adbun\u00addene Dienst\u00adleis\u00adtun\u00adgen zu erbrin\u00adgen. Auch \u00fcber\u00adtr\u00e4gt Google diese Infor\u00adma\u00adtio\u00adnen gege\u00adbe\u00adnen\u00adfalls an Dritte, sofern dies gesetz\u00adlich vor\u00adge\u00adschrie\u00adben ist oder soweit Dritte diese Daten im Auf\u00adtrag von Google ver\u00adar\u00adbei\u00adten. Google wird in kei\u00adnem Fall Ihre IP-Adresse mit ande\u00adren Daten bei&nbsp;Google in Ver\u00adbin\u00addung brin\u00adgen. Sie k\u00f6n\u00adnen die Instal\u00adla\u00adtion der Coo\u00adkies durch eine ent\u00adspre\u00adchende Ein\u00adstel\u00adlung Ihrer Brow\u00adser Soft\u00adware ver\u00adhin\u00addern. In die\u00adsem Fall weist der Betrei\u00adber des&nbsp;vor\u00adlie\u00adgen\u00adden Ange\u00adbo\u00adtes&nbsp;jedoch dar\u00adauf hin, dass Sie in die\u00adsem Fall gege\u00adbe\u00adnen\u00adfalls nicht s\u00e4mt\u00adli\u00adche Funk\u00adtio\u00adnen die\u00adser Web\u00adsite voll umf\u00e4ng\u00adlich nut\u00adzen k\u00f6n\u00adnen. Durch die Nut\u00adzung die\u00adser Web\u00adsite erkl\u00e4\u00adren Sie sich mit der Bear\u00adbei\u00adtung der \u00fcber Sie erho\u00adbe\u00adnen Daten durch Google in der zuvor beschrie\u00adbe\u00adnen Art und Weise und zu dem zuvor benann\u00adten Zweck einverstanden.<\/p>\n","protected":false},"excerpt":{"rendered":"<p>Die\u00adses Web\u00adlog ist ein publi\u00adzis\u00adti\u00adsches Ange\u00adbot&nbsp;von G\u00f6tz Burg\u00adgraf Sem\u00adbritz\u00adkis\u00adtrasse 5&nbsp;15517 F\u00fcrs\u00adten\u00adwalde Ver\u00adant\u00adwort\u00adli\u00adcher im Sinne von \u00a7 5&nbsp;des deut\u00adschen Tele\u00adme\u00addi\u00aden\u00adge\u00adset\u00adzes (<span class=\"caps\">TMG<\/span>) sowie&nbsp;\u00a7 55 des&nbsp;Staats\u00adver\u00adtrags f\u00fcr Rund\u00adfunk und Tele\u00adme\u00addien (Rund\u00adfunk\u00adstaats\u00adver\u00adtrag \u2014&nbsp;RStV): G\u00f6tz Burg\u00adgraf Sem\u00adbritz\u00adkis\u00adtrasse 5&nbsp;15517 F\u00fcrs\u00adten\u00adwalde Kon\u00adtakt: Tele\u00adfon: +49 1577 47 46&nbsp;389 Fax: +49 321 21 19 64&nbsp;81&nbsp;E\u2011Mail:&nbsp;grenzland@\u200bburggraf.\u200bde Bitte ver\u00adschl\u00fcs\u00adseln Sie Ihre Kom\u00admu\u00adni\u00adka\u00adtion, zum \u2026 <a href=\"http:\/\/goetz.burggraf.de\/projekte\/grenzland\/impressum\/\" class=\"more-link\"><span class=\"screen-reader-text\">Impres\u00adsum<\/span> wei\u00adter\u00adle\u00adsen <span class=\"meta-nav\">\u2192<\/span><\/a><\/p>\n","protected":false},"author":2,"featured_media":0,"parent":0,"menu_order":13,"comment_status":"closed","ping_status":"closed","template":"","meta":{"wp_typography_post_enhancements_disabled":false,"_exactmetrics_skip_tracking":false,"_exactmetrics_sitenote_active":false,"_exactmetrics_sitenote_note":"","_exactmetrics_sitenote_category":0,"_monsterinsights_skip_tracking":false,"_monsterinsights_sitenote_active":false,"_monsterinsights_sitenote_note":"","_monsterinsights_sitenote_category":0,"jetpack_post_was_ever_published":false,"footnotes":""},"class_list":["post-35","page","type-page","status-publish","hentry"],"jetpack_shortlink":"https:\/\/wp.me\/P4CPTg-z","jetpack_sharing_enabled":true,"_links":{"self":[{"href":"http:\/\/goetz.burggraf.de\/projekte\/grenzland\/wp-json\/wp\/v2\/pages\/35","targetHints":{"allow":["GET"]}}],"collection":[{"href":"http:\/\/goetz.burggraf.de\/projekte\/grenzland\/wp-json\/wp\/v2\/pages"}],"about":[{"href":"http:\/\/goetz.burggraf.de\/projekte\/grenzland\/wp-json\/wp\/v2\/types\/page"}],"author":[{"embeddable":true,"href":"http:\/\/goetz.burggraf.de\/projekte\/grenzland\/wp-json\/wp\/v2\/users\/2"}],"replies":[{"embeddable":true,"href":"http:\/\/goetz.burggraf.de\/projekte\/grenzland\/wp-json\/wp\/v2\/comments?post=35"}],"version-history":[{"count":13,"href":"http:\/\/goetz.burggraf.de\/projekte\/grenzland\/wp-json\/wp\/v2\/pages\/35\/revisions"}],"predecessor-version":[{"id":533,"href":"http:\/\/goetz.burggraf.de\/projekte\/grenzland\/wp-json\/wp\/v2\/pages\/35\/revisions\/533"}],"wp:attachment":[{"href":"http:\/\/goetz.burggraf.de\/projekte\/grenzland\/wp-json\/wp\/v2\/media?parent=35"}],"curies":[{"name":"wp","href":"https:\/\/api.w.org\/{rel}","templated":true}]}}